{"id":65,"date":"2025-01-25T12:45:48","date_gmt":"2025-01-25T12:45:48","guid":{"rendered":"https:\/\/www.yedikardeskumas.com\/?page_id=65"},"modified":"2025-02-26T12:54:10","modified_gmt":"2025-02-26T12:54:10","slug":"kurumsal","status":"publish","type":"page","link":"https:\/\/yedikardeskumas.com\/index.php\/kurumsal\/","title":{"rendered":"Kurumsal"},"content":{"rendered":"<div data-colibri-id=\"65-c1\" class=\"style-350 style-local-65-c1 position-relative\">\n  <!---->\n  <div data-colibri-component=\"section\" data-colibri-id=\"65-c2\" id=\"about\" class=\"h-section h-section-global-spacing d-flex align-items-lg-center align-items-md-center align-items-center style-351 style-local-65-c2 position-relative\">\n    <!---->\n    <!---->\n    <div class=\"h-section-grid-container h-section-boxed-container\">\n      <!---->\n      <div data-colibri-id=\"65-c3\" class=\"h-row-container gutters-row-lg-0 gutters-row-md-0 gutters-row-0 gutters-row-v-lg-0 gutters-row-v-md-0 gutters-row-v-0 style-352 style-local-65-c3 position-relative\">\n        <!---->\n        <div class=\"h-row justify-content-lg-center justify-content-md-center justify-content-center align-items-lg-stretch align-items-md-stretch align-items-stretch gutters-col-lg-0 gutters-col-md-0 gutters-col-0 gutters-col-v-lg-0 gutters-col-v-md-0 gutters-col-v-0\">\n          <!---->\n          <div class=\"h-column h-column-container d-flex h-col-lg-auto h-col-md-auto h-col-auto style-353-outer style-local-65-c4-outer\">\n            <div data-colibri-id=\"65-c4\" class=\"d-flex h-flex-basis h-column__inner h-px-lg-0 h-px-md-0 h-px-0 v-inner-lg-0 v-inner-md-0 v-inner-0 style-353 style-local-65-c4 position-relative\">\n              <!---->\n              <!---->\n              <div class=\"w-100 h-y-container h-column__content h-column__v-align flex-basis-100 align-self-lg-start align-self-md-start align-self-start\">\n                <!---->\n                <div data-colibri-id=\"65-c5\" class=\"h-global-transition-all h-heading style-355 style-local-65-c5 position-relative h-element\">\n                  <!---->\n                  <div class=\"h-heading__outer style-355 style-local-65-c5\">\n                    <!---->\n                    <!---->\n                    <h2 class=\"\"> <em style=\"font-family: &quot;Playfair Display&quot;;\">KURUMSAL<\/em><\/h2>\n                  <\/div>\n                <\/div>\n                <div data-colibri-id=\"65-c6\" class=\"h-text h-text-component style-356 style-local-65-c6 position-relative h-element\">\n                  <!---->\n                  <!---->\n                  <div class=\"\">\n                    <p><strong><u>HAKKIMIZDA<\/u><\/strong><\/p>\n                    <p>Yedikarde\u015f Kuma\u015f ve D\u0131\u015f Ticaret Ltd. \u015eti.olarak Seven Style yap\u0131lanmas\u0131n\u0131 ger\u00e7ekle\u015ftiren firmam\u0131z Avrupa ve T\u00fcrkiye ceplik sekt\u00f6r\u00fcnde Tecr\u00fcbesi ve H\u0131zl\u0131&nbsp;servisiyle \u00e7\u00f6z\u00fcm odakl\u0131, \u0130lkeleriyle Kaliteden taviz vermeyen, Arge&#8217;siyle\n                      Yenilik\u00e7i, Fiyatlar\u0131yla Rekabet\u00e7i, Do\u011fa Dostu,&nbsp;Zaman\u0131n de\u011ferini bilerek yap\u0131lan sat\u0131\u015flarda&nbsp;100% M\u00fc\u015fterisinin memnuniyetini \u00f6nemseyen&nbsp;Seven Style ekibi tercihlerinizde kesin \u00e7\u00f6z\u00fcm orta\u011f\u0131n\u0131zd\u0131r.<\/p>\n                    <p>&nbsp;<\/p>\n                    <p><strong><u>M\u0130SYONUMUZ<\/u><\/strong><\/p>\n                    <p>T\u00fcrkiye Ceplik Kuma\u015f\u0131 sekt\u00f6r\u00fcn\u00fcn \u00f6nc\u00fcs\u00fc olan firmam\u0131z\u0131 Kalitemizle, H\u0131zl\u0131 servisimizle, Arge&#8217;mizle ve Rekabet\u00e7i fiyatlam\u0131zla Avrupan\u0131nda \u00f6nc\u00fc firmalar\u0131ndan olmakt\u0131r.<\/p>\n                    <p>&nbsp;<\/p>\n                    <p><strong><u>V\u0130ZYONUMUZ<\/u><\/strong><\/p>\n                    <p>Her ko\u015fulda M\u00fc\u015fteri Memnuniyeti.<\/p>\n                    <p>\n                      <br>\n                    <\/p>\n                    <p>&nbsp;<strong><u>GRUP F\u0130RMALARIMIZ<\/u><\/strong><\/p>\n                    <p>Yedikarde\u015f Kuma\u015f ve D\u0131\u015f Tic.Ltd.\u015eti. &#8211; \u0130stanbul.<\/p>\n                    <p>Yedikarde\u015f SRC Tekstil \u0130thalat \u0130hracat D\u0131\u015f Tic.Ltd.\u015eti. &#8211; \u0130stanbul.<\/p>\n                    <p>Sevenstyle Otomotiv<\/p>\n                    <p>\n                      <br>\n                    <\/p>\n                  <\/div>\n                <\/div>\n              <\/div>\n            <\/div>\n          <\/div>\n          <div class=\"h-column h-column-container d-flex h-col-lg-auto h-col-md-auto h-col-auto style-357-outer style-local-65-c7-outer\">\n            <div data-colibri-id=\"65-c7\" class=\"d-flex h-flex-basis h-column__inner h-ui-empty-state-container h-px-lg-2 h-px-md-2 h-px-2 v-inner-lg-2 v-inner-md-2 v-inner-2 style-357 style-local-65-c7 position-relative\">\n              <!---->\n              <!---->\n              <div class=\"w-100 h-y-container h-column__content h-column__v-align flex-basis-100\">\n                <!---->\n              <\/div>\n            <\/div>\n          <\/div>\n        <\/div>\n      <\/div>\n    <\/div>\n  <\/div>\n<\/div>","protected":false},"excerpt":{"rendered":"<p>KURUMSAL HAKKIMIZDA Yedikarde\u015f Kuma\u015f ve D\u0131\u015f Ticaret Ltd. \u015eti.olarak Seven Style yap\u0131lanmas\u0131n\u0131 ger\u00e7ekle\u015ftiren firmam\u0131z Avrupa ve T\u00fcrkiye ceplik sekt\u00f6r\u00fcnde Tecr\u00fcbesi ve H\u0131zl\u0131&nbsp;servisiyle \u00e7\u00f6z\u00fcm odakl\u0131, \u0130lkeleriyle Kaliteden taviz vermeyen, Arge&#8217;siyle Yenilik\u00e7i, Fiyatlar\u0131yla Rekabet\u00e7i, Do\u011fa Dostu,&nbsp;Zaman\u0131n de\u011ferini bilerek yap\u0131lan sat\u0131\u015flarda&nbsp;100% M\u00fc\u015fterisinin memnuniyetini \u00f6nemseyen&nbsp;Seven Style ekibi tercihlerinizde kesin \u00e7\u00f6z\u00fcm orta\u011f\u0131n\u0131zd\u0131r. &nbsp; M\u0130SYONUMUZ T\u00fcrkiye Ceplik Kuma\u015f\u0131 sekt\u00f6r\u00fcn\u00fcn \u00f6nc\u00fcs\u00fc olan [&hellip;]<\/p>\n","protected":false},"author":1,"featured_media":0,"parent":0,"menu_order":1,"comment_status":"closed","ping_status":"closed","template":"page-templates\/full-width-page.php","meta":{"footnotes":""},"class_list":["post-65","page","type-page","status-publish","hentry"],"_links":{"self":[{"href":"https:\/\/yedikardeskumas.com\/index.php\/wp-json\/wp\/v2\/pages\/65","targetHints":{"allow":["GET"]}}],"collection":[{"href":"https:\/\/yedikardeskumas.com\/index.php\/wp-json\/wp\/v2\/pages"}],"about":[{"href":"https:\/\/yedikardeskumas.com\/index.php\/wp-json\/wp\/v2\/types\/page"}],"author":[{"embeddable":true,"href":"https:\/\/yedikardeskumas.com\/index.php\/wp-json\/wp\/v2\/users\/1"}],"replies":[{"embeddable":true,"href":"https:\/\/yedikardeskumas.com\/index.php\/wp-json\/wp\/v2\/comments?post=65"}],"version-history":[{"count":9,"href":"https:\/\/yedikardeskumas.com\/index.php\/wp-json\/wp\/v2\/pages\/65\/revisions"}],"predecessor-version":[{"id":567,"href":"https:\/\/yedikardeskumas.com\/index.php\/wp-json\/wp\/v2\/pages\/65\/revisions\/567"}],"wp:attachment":[{"href":"https:\/\/yedikardeskumas.com\/index.php\/wp-json\/wp\/v2\/media?parent=65"}],"curies":[{"name":"wp","href":"https:\/\/api.w.org\/{rel}","templated":true}]}}