{"id":393,"date":"2025-02-01T11:18:51","date_gmt":"2025-02-01T11:18:51","guid":{"rendered":"https:\/\/www.yedikardeskumas.com\/?page_id=393"},"modified":"2025-02-01T11:39:51","modified_gmt":"2025-02-01T11:39:51","slug":"iletisim","status":"publish","type":"page","link":"https:\/\/yedikardeskumas.com\/index.php\/iletisim\/","title":{"rendered":"\u0130leti\u015fim"},"content":{"rendered":"<div data-colibri-id=\"393-c1\" class=\"style-406 style-local-393-c1 position-relative\">\n  <!---->\n  <div data-colibri-component=\"section\" data-colibri-id=\"393-c2\" id=\"contact\" class=\"h-section h-section-global-spacing d-flex align-items-lg-center align-items-md-center align-items-center style-419 style-local-393-c2 position-relative\">\n    <div class=\"background-wrapper\">\n      <div class=\"background-layer background-layer-media-container-lg\">\n        <!---->\n        <div class=\"overlay-layer\">\n          <div class=\"overlay-image-layer\" style=\"background-color: rgb(23, 37, 42); opacity: 0.5;\"><\/div>\n        <\/div>\n      <\/div>\n      <div class=\"background-layer background-layer-media-container-md\">\n        <!---->\n        <div class=\"overlay-layer\">\n          <div class=\"overlay-image-layer\" style=\"background-color: rgb(23, 37, 42); opacity: 0.5;\"><\/div>\n        <\/div>\n      <\/div>\n      <div class=\"background-layer background-layer-media-container\">\n        <!---->\n        <div class=\"overlay-layer\">\n          <div class=\"overlay-image-layer\" style=\"background-color: rgb(23, 37, 42); opacity: 0.5;\"><\/div>\n        <\/div>\n      <\/div>\n    <\/div>\n    <!---->\n    <div class=\"h-section-grid-container h-section-boxed-container\">\n      <!---->\n      <div data-colibri-id=\"393-c3\" class=\"h-row-container gutters-row-lg-1 gutters-row-md-1 gutters-row-2 gutters-row-v-lg-1 gutters-row-v-md-1 gutters-row-v-2 style-420 style-local-393-c3 position-relative\">\n        <!---->\n        <div class=\"h-row justify-content-lg-start justify-content-md-start justify-content-start align-items-lg-stretch align-items-md-stretch align-items-stretch gutters-col-lg-1 gutters-col-md-1 gutters-col-2 gutters-col-v-lg-1 gutters-col-v-md-1 gutters-col-v-2\">\n          <!---->\n          <div class=\"h-column h-column-container d-flex h-col-lg-auto h-col-md-auto h-col-auto style-421-outer style-local-393-c4-outer\">\n            <div data-colibri-id=\"393-c4\" class=\"d-flex h-flex-basis h-column__inner h-px-lg-0 h-px-md-0 h-px-0 v-inner-lg-0 v-inner-md-0 v-inner-0 style-421 style-local-393-c4 position-relative\">\n              <!---->\n              <!---->\n              <div class=\"w-100 h-y-container h-column__content h-column__v-align flex-basis-100 align-self-lg-start align-self-md-start align-self-start\">\n                <!---->\n                <div data-colibri-id=\"393-c5\" class=\"h-row-container gutters-row-lg-0 gutters-row-md-0 gutters-row-0 gutters-row-v-lg-0 gutters-row-v-md-0 gutters-row-v-0 style-422 style-local-393-c5 position-relative\">\n                  <!---->\n                  <div class=\"h-row justify-content-lg-center justify-content-md-center justify-content-center align-items-lg-stretch align-items-md-stretch align-items-stretch gutters-col-lg-0 gutters-col-md-0 gutters-col-0 gutters-col-v-lg-0 gutters-col-v-md-0 gutters-col-v-0\">\n                    <!---->\n                    <div class=\"h-column h-column-container d-flex h-col-lg-auto h-col-md-auto h-col-auto style-423-outer style-local-393-c6-outer\">\n                      <div data-colibri-id=\"393-c6\" class=\"d-flex h-flex-basis h-column__inner h-px-lg-0 h-px-md-0 h-px-0 v-inner-lg-0 v-inner-md-0 v-inner-0 style-423 style-local-393-c6 position-relative\">\n                        <!---->\n                        <!---->\n                        <div class=\"w-100 h-y-container h-column__content h-column__v-align flex-basis-100 align-self-lg-center align-self-md-center align-self-center\">\n                          <!---->\n                          <div data-colibri-id=\"393-c7\" class=\"h-icon style-425 style-local-393-c7 position-relative h-element\">\n                            <!----><span class=\"h-svg-icon h-icon__icon style-425-icon style-local-393-c7-icon\"><!--Icon by Font Awesome (https:\/\/fontawesome.com)-->\n    <svg version=\"1.1\" xmlns=\"http:\/\/www.w3.org\/2000\/svg\" xmlns:xlink=\"http:\/\/www.w3.org\/1999\/xlink\" id=\"phone-square\" viewBox=\"0 0 1536 1896.0833\">\n      <path d=\"M1280 1193q0-11-2-16t-18-16.5-40.5-25-47.5-26.5-45.5-25-28.5-15q-5-3-19-13t-25-15-21-5q-15 0-36.5 20.5t-39.5 45-38.5 45T885 1167q-7 0-16.5-3.5T853 1157t-17-9.5-14-8.5q-99-55-170-126.5T525 842q-2-3-8.5-14t-9.5-17-6.5-15.5T497 779q0-13 20.5-33.5t45-38.5 45-39.5T628 631q0-10-5-21t-15-25-13-19q-3-6-15-28.5T555 492t-26.5-47.5-25-40.5-16.5-18-16-2q-48 0-101 22-46 21-80 94.5T256 631q0 16 2.5 34t5 30.5 9 33 10 29.5 12.5 33 11 30q60 164 216.5 320.5T843 1358q6 2 30 11t33 12.5 29.5 10 33 9 30.5 5 34 2.5q57 0 130.5-34t94.5-80q22-53 22-101zm256-777v960q0 119-84.5 203.5T1248 1664H288q-119 0-203.5-84.5T0 1376V416q0-119 84.5-203.5T288 128h960q119 0 203.5 84.5T1536 416z\"><\/path>\n    <\/svg><\/span><\/div>\n                          <div data-colibri-id=\"393-c8\" class=\"h-global-transition-all h-heading style-424 style-local-393-c8 position-relative h-element\">\n                            <!---->\n                            <div class=\"h-heading__outer style-424 style-local-393-c8\">\n                              <!---->\n                              <!---->\n                              <h4 class=\"\">\u0130leti\u015fim Bilgileri<\/h4>\n                            <\/div>\n                          <\/div>\n                          <div data-colibri-id=\"393-c9\" class=\"h-global-transition-all h-heading style-426 style-local-393-c9 position-relative h-element\">\n                            <!---->\n                            <div class=\"h-heading__outer style-426 style-local-393-c9\">\n                              <!---->\n                              <!---->\n                              <h5 class=\"\">Yedikarde\u015f Kuma\u015f ve Tekstil \u00dcr\u00fcnleri Paz.D\u0131\u015f Ticaret Ltd.\u015eti<\/h5>\n                            <\/div>\n                          <\/div>\n                          <div data-colibri-id=\"393-c10\" class=\"h-text h-text-component style-431 style-local-393-c10 position-relative h-element\">\n                            <!---->\n                            <!---->\n                            <div class=\"\">\n                              <p><span style=\"font-weight: 600; font-size: 16px; font-family: &quot;Open Sans&quot;; color: rgb(23, 37, 42);\">Arta\u015f Avrupa Ticaret Merkezi,Cihangir, G\u00fcvercin Cd. B Blok Giri\u015f Kap\u0131s\u0131.<\/span>\n                                <br><span style=\"font-weight: 600; font-size: 16px; font-family: &quot;Open Sans&quot;; color: rgb(23, 37, 42);\">No:4 \/ 270, 34310<\/span>\n                                <br><span style=\"font-weight: 600; font-size: 16px; font-family: &quot;Open Sans&quot;; color: rgb(23, 37, 42);\">Avc\u0131lar\/\u0130stanbul<\/span>\n                                <br><span style=\"font-weight: 600; font-size: 16px; font-family: &quot;Open Sans&quot;; color: rgb(23, 37, 42);\">0212 637 05 31<\/span>\n                                <br><span style=\"font-weight: 600; font-size: 16px; font-family: &quot;Open Sans&quot;; color: rgb(23, 37, 42);\">info@yedikardeskumas.com<\/span><\/p>\n                            <\/div>\n                          <\/div>\n                          <div data-colibri-id=\"393-c15\" class=\"h-x-container style-434 style-local-393-c15 position-relative h-element\">\n                            <!---->\n                            <div class=\"h-x-container-inner style-dynamic-393-c15-group style-434-spacing style-local-393-c15-spacing\"><span class=\"h-button__outer style-435-outer style-local-393-c16-outer d-inline-flex h-element\"><a h-use-smooth-scroll=\"true\" href=\"https:\/\/www.google.com\/maps\/place\/Yedikarde%C5%9F+Kuma%C5%9F+ve+Tekstil+%C3%9Cr%C3%BCnleri+Paz.D%C4%B1%C5%9F+Ticaret+Ltd.%C5%9Eti\/@41.0239174,28.692706,17z\/data=!3m1!4b1!4m6!3m5!1s0x14cabb21e7f89685:0xef6458ac5227eade!8m2!3d41.0239134!4d28.6952809!16s%2Fg%2F11dxm9hw4w?authuser=0&amp;entry=tts&amp;g_ep=EgoyMDI1MDEyNi4wIPu8ASoASAFQAw%3D%3D\"  data-colibri-id=\"393-c16\" class=\"d-flex w-100 align-items-center h-button justify-content-lg-center justify-content-md-center justify-content-center style-435 style-local-393-c16 position-relative\"><!----><!----> <span>Harita<\/span><\/a>\n                              <\/span>\n                            <\/div>\n                          <\/div>\n                          <div data-colibri-id=\"393-c11\" class=\"style-427 style-local-393-c11 position-relative h-element\">\n                            <!---->\n                            <div class=\"d-flex flex-wrap h-social-icons justify-content-lg-center justify-content-md-center justify-content-center\">\n                              <div class=\"social-icon-container d-inline-flex\">\n                                <div class=\"icon-container h-social-icon h-global-transition\">\n                                  <div class=\"h-icon-svg\" style=\"width: 100%; height: 100%;\">\n                                    <!--Icon by Font Awesome (https:\/\/fontawesome.com)-->\n                                    <svg version=\"1.1\" xmlns=\"http:\/\/www.w3.org\/2000\/svg\" xmlns:xlink=\"http:\/\/www.w3.org\/1999\/xlink\" id=\"facebook-square\" viewBox=\"0 0 1536 1896.0833\">\n                                      <path d=\"M1248 128q119 0 203.5 84.5T1536 416v960q0 119-84.5 203.5T1248 1664h-188v-595h199l30-232h-229V689q0-56 23.5-84t91.5-28l122-1V369q-63-9-178-9-136 0-217.5 80T820 666v171H620v232h200v595H288q-119 0-203.5-84.5T0 1376V416q0-119 84.5-203.5T288 128h960z\"><\/path>\n                                    <\/svg>\n                                  <\/div>\n                                <\/div>\n                              <\/div>\n                              <div class=\"social-icon-container d-inline-flex\">\n                                <div class=\"icon-container h-social-icon h-global-transition\">\n                                  <div class=\"h-icon-svg\" style=\"width: 100%; height: 100%;\">\n                                    <!--Icon by Font Awesome (https:\/\/fontawesome.com)-->\n                                    <svg version=\"1.1\" xmlns=\"http:\/\/www.w3.org\/2000\/svg\" xmlns:xlink=\"http:\/\/www.w3.org\/1999\/xlink\" id=\"twitter-square\" viewBox=\"0 0 1536 1896.0833\">\n                                      <path d=\"M1280 610q-56 25-121 34 68-40 93-117-65 38-134 51-61-66-153-66-87 0-148.5 61.5T755 722q0 29 5 48-129-7-242-65T326 550q-29 50-29 106 0 114 91 175-47-1-100-26v2q0 75 50 133.5t123 72.5q-29 8-51 8-13 0-39-4 21 63 74.5 104t121.5 42q-116 90-261 90-26 0-50-3 148 94 322 94 112 0 210-35.5t168-95 120.5-137 75-162T1176 746q0-18-1-27 63-45 105-109zm256-194v960q0 119-84.5 203.5T1248 1664H288q-119 0-203.5-84.5T0 1376V416q0-119 84.5-203.5T288 128h960q119 0 203.5 84.5T1536 416z\"><\/path>\n                                    <\/svg>\n                                  <\/div>\n                                <\/div>\n                              <\/div>\n                              <div class=\"social-icon-container d-inline-flex\">\n                                <div class=\"icon-container h-social-icon h-global-transition\">\n                                  <div class=\"h-icon-svg\" style=\"width: 100%; height: 100%;\">\n                                    <!--Icon by Font Awesome (https:\/\/fontawesome.com)-->\n                                    <svg version=\"1.1\" xmlns=\"http:\/\/www.w3.org\/2000\/svg\" xmlns:xlink=\"http:\/\/www.w3.org\/1999\/xlink\" id=\"youtube-square\" viewBox=\"0 0 1536 1896.0833\">\n                                      <path d=\"M919 1303v-157q0-50-29-50-17 0-33 16v224q16 16 33 16 29 0 29-49zm184-122h66v-34q0-51-33-51t-33 51v34zM532 915v70h-80v423h-74V985h-78v-70h232zm201 126v367h-67v-40q-39 45-76 45-33 0-42-28-6-17-6-54v-290h66v270q0 24 1 26 1 15 15 15 20 0 42-31v-280h67zm252 111v146q0 52-7 73-12 42-53 42-35 0-68-41v36h-67V915h67v161q32-40 68-40 41 0 53 42 7 21 7 74zm251 129v9q0 29-2 43-3 22-15 40-27 40-80 40-52 0-81-38-21-27-21-86v-129q0-59 20-86 29-38 80-38t78 38q21 29 21 86v76h-133v65q0 51 34 51 24 0 30-26 0-1 .5-7t.5-16.5V1281h68zM785 457v156q0 51-32 51t-32-51V457q0-52 32-52t32 52zm533 713q0-177-19-260-10-44-43-73.5t-76-34.5q-136-15-412-15-275 0-411 15-44 5-76.5 34.5T238 910q-20 87-20 260 0 176 20 260 10 43 42.5 73t75.5 35q137 15 412 15t412-15q43-5 75.5-35t42.5-73q20-84 20-260zM563 519l90-296h-75l-51 195-53-195h-78q7 23 23 69l24 69q35 103 46 158v201h74V519zm289 81V470q0-58-21-87-29-38-78-38-51 0-78 38-21 29-21 87v130q0 58 21 87 27 38 78 38 49 0 78-38 21-27 21-87zm181 120h67V350h-67v283q-22 31-42 31-15 0-16-16-1-2-1-26V350h-67v293q0 37 6 55 11 27 43 27 36 0 77-45v40zm503-304v960q0 119-84.5 203.5T1248 1664H288q-119 0-203.5-84.5T0 1376V416q0-119 84.5-203.5T288 128h960q119 0 203.5 84.5T1536 416z\"><\/path>\n                                    <\/svg>\n                                  <\/div>\n                                <\/div>\n                              <\/div>\n                              <div class=\"social-icon-container d-inline-flex\">\n                                <div class=\"icon-container h-social-icon h-global-transition\">\n                                  <div class=\"h-icon-svg\" style=\"width: 100%; height: 100%;\">\n                                    <!--Icon by Font Awesome (https:\/\/fontawesome.com)-->\n                                    <svg version=\"1.1\" xmlns=\"http:\/\/www.w3.org\/2000\/svg\" xmlns:xlink=\"http:\/\/www.w3.org\/1999\/xlink\" id=\"vimeo-square\" viewBox=\"0 0 1536 1896.0833\">\n                                      <path d=\"M1292 638q10-216-161-222-231-8-312 261 44-19 82-19 85 0 74 96-4 57-74 167t-105 110q-43 0-82-169-13-54-45-255-30-189-160-177-59 7-164 100l-81 72-81 72 52 67q76-52 87-52 57 0 107 179 15 55 45 164.5t45 164.5q68 179 164 179 157 0 383-294 220-283 226-444zm244-222v960q0 119-84.5 203.5T1248 1664H288q-119 0-203.5-84.5T0 1376V416q0-119 84.5-203.5T288 128h960q119 0 203.5 84.5T1536 416z\"><\/path>\n                                    <\/svg>\n                                  <\/div>\n                                <\/div>\n                              <\/div>\n                            <\/div>\n                          <\/div>\n                        <\/div>\n                      <\/div>\n                    <\/div>\n                    <div class=\"h-column h-column-container d-flex h-col-lg-auto h-col-md-auto h-col-auto style-430-outer style-local-393-c12-outer\">\n                      <div data-colibri-id=\"393-c12\" class=\"d-flex h-flex-basis h-column__inner h-ui-empty-state-container h-px-lg-2 h-px-md-2 h-px-2 v-inner-lg-2 v-inner-md-2 v-inner-2 style-430 style-local-393-c12 position-relative\">\n                        <!---->\n                        <!---->\n                        <div class=\"w-100 h-y-container h-column__content h-column__v-align flex-basis-100\">\n                          <!---->\n                        <\/div>\n                      <\/div>\n                    <\/div>\n                    <div class=\"h-column h-column-container d-flex h-col-lg-auto h-col-md-auto h-col-auto style-432-outer style-local-393-c13-outer\">\n                      <div data-colibri-id=\"393-c13\" class=\"d-flex h-flex-basis h-column__inner h-ui-empty-state-container h-px-lg-2 h-px-md-2 h-px-2 v-inner-lg-2 v-inner-md-2 v-inner-2 style-432 style-local-393-c13 position-relative\">\n                        <!---->\n                        <!---->\n                        <div class=\"w-100 h-y-container h-column__content h-column__v-align flex-basis-100\">\n                          <!---->\n                        <\/div>\n                      <\/div>\n                    <\/div>\n                    <div class=\"h-column h-column-container d-flex h-col-lg-auto h-col-md-auto h-col-auto style-433-outer style-local-393-c14-outer\">\n                      <div data-colibri-id=\"393-c14\" class=\"d-flex h-flex-basis h-column__inner h-ui-empty-state-container h-px-lg-2 h-px-md-2 h-px-2 v-inner-lg-2 v-inner-md-2 v-inner-2 style-433 style-local-393-c14 position-relative\">\n                        <!---->\n                        <!---->\n                        <div class=\"w-100 h-y-container h-column__content h-column__v-align flex-basis-100\">\n                          <!---->\n                        <\/div>\n                      <\/div>\n                    <\/div>\n                  <\/div>\n                <\/div>\n              <\/div>\n            <\/div>\n          <\/div>\n        <\/div>\n      <\/div>\n    <\/div>\n  <\/div>\n<\/div>","protected":false},"excerpt":{"rendered":"<p>\u0130leti\u015fim Bilgileri Yedikarde\u015f Kuma\u015f ve Tekstil \u00dcr\u00fcnleri Paz.D\u0131\u015f Ticaret Ltd.\u015eti Arta\u015f Avrupa Ticaret Merkezi,Cihangir, G\u00fcvercin Cd. B Blok Giri\u015f Kap\u0131s\u0131. No:4 \/ 270, 34310 Avc\u0131lar\/\u0130stanbul 0212 637 05 31 info@yedikardeskumas.com Harita<\/p>\n","protected":false},"author":1,"featured_media":0,"parent":0,"menu_order":3,"comment_status":"closed","ping_status":"closed","template":"page-templates\/full-width-page.php","meta":{"footnotes":""},"class_list":["post-393","page","type-page","status-publish","hentry"],"_links":{"self":[{"href":"https:\/\/yedikardeskumas.com\/index.php\/wp-json\/wp\/v2\/pages\/393","targetHints":{"allow":["GET"]}}],"collection":[{"href":"https:\/\/yedikardeskumas.com\/index.php\/wp-json\/wp\/v2\/pages"}],"about":[{"href":"https:\/\/yedikardeskumas.com\/index.php\/wp-json\/wp\/v2\/types\/page"}],"author":[{"embeddable":true,"href":"https:\/\/yedikardeskumas.com\/index.php\/wp-json\/wp\/v2\/users\/1"}],"replies":[{"embeddable":true,"href":"https:\/\/yedikardeskumas.com\/index.php\/wp-json\/wp\/v2\/comments?post=393"}],"version-history":[{"count":5,"href":"https:\/\/yedikardeskumas.com\/index.php\/wp-json\/wp\/v2\/pages\/393\/revisions"}],"predecessor-version":[{"id":423,"href":"https:\/\/yedikardeskumas.com\/index.php\/wp-json\/wp\/v2\/pages\/393\/revisions\/423"}],"wp:attachment":[{"href":"https:\/\/yedikardeskumas.com\/index.php\/wp-json\/wp\/v2\/media?parent=393"}],"curies":[{"name":"wp","href":"https:\/\/api.w.org\/{rel}","templated":true}]}}